{"id":4275,"date":"2026-03-14T22:07:57","date_gmt":"2026-03-14T21:07:57","guid":{"rendered":"https:\/\/oakspiritbarrels.com\/?post_type=product&#038;p=4275"},"modified":"2026-03-14T22:09:51","modified_gmt":"2026-03-14T21:09:51","slug":"tedem-300-l-medium","status":"publish","type":"product","link":"https:\/\/oakspiritbarrels.com\/en\/produkt\/tedem-300-l-medium\/","title":{"rendered":"Tedem | 300 L | Medium"},"content":{"rendered":"<p style=\"background: #FFFFFF; margin: 0cm 0cm 6.75pt 0cm;\">Repasovan\u00fd barikov\u00fd sud bedn\u00e1\u0159stv\u00ed Tedem z francouzsk\u00e9ho dubu.<\/p>\n<p style=\"margin: 0px 0px 9px; padding: 0px; color: #666666; font-family: Arial; font-size: 14px; background-color: #ffffff;\">&#8211; vhodnost odr\u016fdy:\u00a0\u00a0Chardonnay, rulandsk\u00e9 \u0161ed\u00e9, Merlot<\/p>\n<p style=\"word-spacing: 0px;\">&#8211; z\u00edskan\u00e9 aroma:\u00a0Komplexn\u00ed. Vanilka, k\u00e1va a \u010derstv\u011b upe\u010den\u00fd chl\u00e9b.<\/p>\n<p style=\"margin: 0px 0px 9px; padding: 0px; color: #666666; font-family: Arial; font-size: 14px; background-color: #ffffff;\">&#8211; z\u00edskan\u00e1 chu\u0165:\u00a0Zakulacen\u00e1 se sladkou dubovou dochut\u00ed a t\u00f3ny ko\u0159en\u00ed, karamelu, vanilky a ml\u00e9\u010dn\u00e9 \u010dokol\u00e1dy.<\/p>\n<p style=\"margin: 0px 0px 9px; padding: 0px; color: #666666; font-family: Arial; font-size: 14px; background-color: #ffffff;\">&#8211; charakteristika:\u00a0Pln\u00e1, t\u011blnat\u00e1 v\u00edna, kter\u00e1 dok\u00e1\u017e\u00ed p\u0159ijmout vyv\u00e1\u017een\u00fd dub jak do aroma, tak i do do chut\u011b.<\/p>\n<p style=\"margin: 0px 0px 9px; padding: 0px; color: #666666; font-family: Arial; font-size: 14px; background-color: #ffffff;\">&#8211; objem : 300 L<\/p>\n<p style=\"margin: 0px 0px 9px; padding: 0px; color: #666666; font-family: Arial; font-size: 14px; background-color: #ffffff;\">&#8211; rozm\u011bry : pr\u016fm\u011br sudu p\u0159es b\u0159icho: 75 cm, u v\u00edka: 59 cm, V\u00fd\u0161ka sudu: 102 cm<\/p>\n","protected":false},"excerpt":{"rendered":"<p style=\"background: #FFFFFF; margin: 0cm 0cm 6.75pt 0cm;\">Repasovan\u00fd barikov\u00fd sud bedn\u00e1\u0159stv\u00ed Tonnellerie Bordeaux z francouzsk\u00e9ho dubu.<\/p>\n<p style=\"margin: 0px 0px 9px; padding: 0px; color: #666666; font-family: Arial; font-size: 14px; background-color: #ffffff;\">&#8211; vhodnost odr\u016fdy:\u00a0\u00a0Chardonnay, rulandsk\u00e9 \u0161ed\u00e9, Merlot<\/p>\n<p style=\"word-spacing: 0px;\">&#8211; z\u00edskan\u00e9 aroma:\u00a0Komplexn\u00ed. Vanilka, k\u00e1va a \u010derstv\u011b upe\u010den\u00fd chl\u00e9b.<\/p>\n<p style=\"margin: 0px 0px 9px; padding: 0px; color: #666666; font-family: Arial; font-size: 14px; background-color: #ffffff;\">&#8211; z\u00edskan\u00e1 chu\u0165:\u00a0Zakulacen\u00e1 se sladkou dubovou dochut\u00ed a t\u00f3ny ko\u0159en\u00ed, karamelu, vanilky a ml\u00e9\u010dn\u00e9 \u010dokol\u00e1dy.<\/p>\n<p style=\"margin: 0px 0px 9px; padding: 0px; color: #666666; font-family: Arial; font-size: 14px; background-color: #ffffff;\">&#8211; charakteristika:\u00a0Pln\u00e1, t\u011blnat\u00e1 v\u00edna, kter\u00e1 dok\u00e1\u017e\u00ed p\u0159ijmout vyv\u00e1\u017een\u00fd dub jak do aroma, tak i do do chut\u011b.<\/p>\n<p style=\"margin: 0px 0px 9px; padding: 0px; color: #666666; font-family: Arial; font-size: 14px; background-color: #ffffff;\">&#8211; objem : 300 L<\/p>\n<p style=\"margin: 0px 0px 9px; padding: 0px; color: #666666; font-family: Arial; font-size: 14px; background-color: #ffffff;\">&#8211; rozm\u011bry : pr\u016fm\u011br sudu p\u0159es b\u0159icho: 75 cm, u v\u00edka: 59 cm, V\u00fd\u0161ka sudu: 102 cm<\/p>\n","protected":false},"featured_media":3929,"comment_status":"open","ping_status":"closed","template":"","meta":{"site-sidebar-layout":"default","site-content-layout":"","ast-site-content-layout":"default","site-content-style":"default","site-sidebar-style":"default","ast-global-header-display":"","ast-banner-title-visibility":"","ast-main-header-display":"","ast-hfb-above-header-display":"","ast-hfb-below-header-display":"","ast-hfb-mobile-header-display":"","site-post-title":"","ast-breadcrumbs-content":"","ast-featured-img":"","footer-sml-layout":"","ast-disable-related-posts":"","theme-transparent-header-meta":"default","adv-header-id-meta":"","stick-header-meta":"","header-above-stick-meta":"","header-main-stick-meta":"","header-below-stick-meta":"","astra-migrate-meta-layouts":"set","ast-page-background-enabled":"default","ast-page-background-meta":{"desktop":{"background-color":"var(--ast-global-color-5)","background-image":"","background-repeat":"repeat","background-position":"center center","background-size":"auto","background-attachment":"scroll","background-type":"","background-media":"","overlay-type":"","overlay-color":"","overlay-opacity":"","overlay-gradient":""},"tablet":{"background-color":"","background-image":"","background-repeat":"repeat","background-position":"center center","background-size":"auto","background-attachment":"scroll","background-type":"","background-media":"","overlay-type":"","overlay-color":"","overlay-opacity":"","overlay-gradient":""},"mobile":{"background-color":"","background-image":"","background-repeat":"repeat","background-position":"center center","background-size":"auto","background-attachment":"scroll","background-type":"","background-media":"","overlay-type":"","overlay-color":"","overlay-opacity":"","overlay-gradient":""}},"ast-content-background-meta":{"desktop":{"background-color":"var(--ast-global-color-4)","background-image":"","background-repeat":"repeat","background-position":"center center","background-size":"auto","background-attachment":"scroll","background-type":"","background-media":"","overlay-type":"","overlay-color":"","overlay-opacity":"","overlay-gradient":""},"tablet":{"background-color":"var(--ast-global-color-4)","background-image":"","background-repeat":"repeat","background-position":"center center","background-size":"auto","background-attachment":"scroll","background-type":"","background-media":"","overlay-type":"","overlay-color":"","overlay-opacity":"","overlay-gradient":""},"mobile":{"background-color":"var(--ast-global-color-4)","background-image":"","background-repeat":"repeat","background-position":"center center","background-size":"auto","background-attachment":"scroll","background-type":"","background-media":"","overlay-type":"","overlay-color":"","overlay-opacity":"","overlay-gradient":""}}},"product_brand":[],"product_cat":[187],"product_tag":[],"class_list":{"0":"post-4275","1":"product","2":"type-product","3":"status-publish","4":"has-post-thumbnail","6":"product_cat-repasovane-sudy-na-vino","7":"desktop-align-left","8":"tablet-align-left","9":"mobile-align-left","11":"first","12":"instock","13":"taxable","14":"shipping-taxable","15":"purchasable","16":"product-type-simple"},"_links":{"self":[{"href":"https:\/\/oakspiritbarrels.com\/en\/wp-json\/wp\/v2\/product\/4275","targetHints":{"allow":["GET"]}}],"collection":[{"href":"https:\/\/oakspiritbarrels.com\/en\/wp-json\/wp\/v2\/product"}],"about":[{"href":"https:\/\/oakspiritbarrels.com\/en\/wp-json\/wp\/v2\/types\/product"}],"replies":[{"embeddable":true,"href":"https:\/\/oakspiritbarrels.com\/en\/wp-json\/wp\/v2\/comments?post=4275"}],"wp:featuredmedia":[{"embeddable":true,"href":"https:\/\/oakspiritbarrels.com\/en\/wp-json\/wp\/v2\/media\/3929"}],"wp:attachment":[{"href":"https:\/\/oakspiritbarrels.com\/en\/wp-json\/wp\/v2\/media?parent=4275"}],"wp:term":[{"taxonomy":"product_brand","embeddable":true,"href":"https:\/\/oakspiritbarrels.com\/en\/wp-json\/wp\/v2\/product_brand?post=4275"},{"taxonomy":"product_cat","embeddable":true,"href":"https:\/\/oakspiritbarrels.com\/en\/wp-json\/wp\/v2\/product_cat?post=4275"},{"taxonomy":"product_tag","embeddable":true,"href":"https:\/\/oakspiritbarrels.com\/en\/wp-json\/wp\/v2\/product_tag?post=4275"}],"curies":[{"name":"wp","href":"https:\/\/api.w.org\/{rel}","templated":true}]}}