{"id":3898,"date":"2025-10-28T11:30:15","date_gmt":"2025-10-28T10:30:15","guid":{"rendered":"https:\/\/oakspiritbarrels.com\/?post_type=product&#038;p=3898"},"modified":"2025-10-28T22:46:14","modified_gmt":"2025-10-28T21:46:14","slug":"tedem-225-l-natural","status":"publish","type":"product","link":"https:\/\/oakspiritbarrels.com\/en\/produkt\/tedem-225-l-natural\/","title":{"rendered":"Tedem | 225 L  | Natural"},"content":{"rendered":"<ul data-start=\"220\" data-end=\"807\">\n<li data-start=\"220\" data-end=\"285\">\n<p data-start=\"222\" data-end=\"285\"><strong data-start=\"222\" data-end=\"242\">Vhodnost odr\u016fdy:<\/strong>\u00a0Frankovka, Svatovav\u0159ineck\u00e9, Zweigeltrebe<\/p>\n<\/li>\n<li data-start=\"286\" data-end=\"373\">\n<p data-start=\"288\" data-end=\"373\"><strong data-start=\"288\" data-end=\"306\">Z\u00edskan\u00e9 aroma:<\/strong>\u00a0Jemn\u00e9 d\u0159evit\u00e9 t\u00f3ny, vanilka, obiln\u00e9 nuance, \u010dist\u00e9 p\u0159\u00edrodn\u00ed d\u0159evo<\/p>\n<\/li>\n<li data-start=\"374\" data-end=\"505\">\n<p data-start=\"376\" data-end=\"505\"><strong data-start=\"376\" data-end=\"393\">Z\u00edskan\u00e1 chu\u0165:<\/strong>\u00a0Jemn\u011bj\u0161\u00ed, m\u00e9n\u011b pra\u017een\u00e1, zv\u00fdraz\u0148uje p\u0159irozenou ovocnou a d\u0159evitou slo\u017eku v\u00edna, bez kou\u0159ov\u00fdch \u010di pra\u017een\u00fdch t\u00f3n\u016f<\/p>\n<\/li>\n<li data-start=\"506\" data-end=\"680\">\n<p data-start=\"508\" data-end=\"680\"><strong data-start=\"508\" data-end=\"528\">Charakteristika:<\/strong>\u00a0Ide\u00e1ln\u00ed pro pln\u00e1 i mlad\u0161\u00ed v\u00edna, kter\u00e1 pot\u0159ebuj\u00ed jemn\u00e9 d\u0159evit\u00e9 nuance bez dopadu vyp\u00e1len\u00ed. Vhodn\u00e9 i pro v\u00edna s ni\u017e\u0161\u00ed zralost\u00ed nebo s jemn\u011bj\u0161\u00edmi taniny<\/p>\n<\/li>\n<li data-start=\"681\" data-end=\"701\">\n<p data-start=\"683\" data-end=\"701\"><strong data-start=\"683\" data-end=\"693\">Objem:<\/strong> 225 L<\/p>\n<\/li>\n<li data-start=\"702\" data-end=\"807\">\n<p data-start=\"704\" data-end=\"718\"><strong data-start=\"704\" data-end=\"716\">Rozm\u011bry:<\/strong><\/p>\n<ul data-start=\"721\" data-end=\"807\">\n<li data-start=\"721\" data-end=\"755\">\n<p data-start=\"723\" data-end=\"755\">Pr\u016fm\u011br sudu p\u0159es b\u0159icho: 66 cm<\/p>\n<\/li>\n<li data-start=\"758\" data-end=\"782\">\n<p data-start=\"760\" data-end=\"782\">Pr\u016fm\u011br u v\u00edka: 57 cm<\/p>\n<\/li>\n<li data-start=\"785\" data-end=\"807\">\n<p data-start=\"787\" data-end=\"807\">V\u00fd\u0161ka sudu: \u2013 90 cm \u2013 95 cm<\/p>\n<\/li>\n<\/ul>\n<\/li>\n<\/ul>\n","protected":false},"excerpt":{"rendered":"<ul data-start=\"220\" data-end=\"807\">\n<li data-start=\"681\" data-end=\"701\">\n<p data-start=\"683\" data-end=\"701\"><strong data-start=\"683\" data-end=\"693\">Objem:<\/strong> 225 L<\/p>\n<\/li>\n<li data-start=\"702\" data-end=\"807\">\n<p data-start=\"704\" data-end=\"718\"><strong data-start=\"704\" data-end=\"716\">Rozm\u011bry:<\/strong><\/p>\n<ul data-start=\"721\" data-end=\"807\">\n<li data-start=\"721\" data-end=\"755\">\n<p data-start=\"723\" data-end=\"755\">Pr\u016fm\u011br sudu p\u0159es b\u0159icho: 66 cm<\/p>\n<\/li>\n<li data-start=\"758\" data-end=\"782\">\n<p data-start=\"760\" data-end=\"782\">Pr\u016fm\u011br u v\u00edka: 57 cm<\/p>\n<\/li>\n<li data-start=\"785\" data-end=\"807\">\n<p data-start=\"787\" data-end=\"807\">V\u00fd\u0161ka sudu: \u2013 90 cm \u2013 95 cm<\/p>\n<\/li>\n<\/ul>\n<\/li>\n<\/ul>\n","protected":false},"featured_media":3929,"comment_status":"open","ping_status":"closed","template":"","meta":{"site-sidebar-layout":"default","site-content-layout":"","ast-site-content-layout":"default","site-content-style":"default","site-sidebar-style":"default","ast-global-header-display":"","ast-banner-title-visibility":"","ast-main-header-display":"","ast-hfb-above-header-display":"","ast-hfb-below-header-display":"","ast-hfb-mobile-header-display":"","site-post-title":"","ast-breadcrumbs-content":"","ast-featured-img":"","footer-sml-layout":"","ast-disable-related-posts":"","theme-transparent-header-meta":"default","adv-header-id-meta":"","stick-header-meta":"","header-above-stick-meta":"","header-main-stick-meta":"","header-below-stick-meta":"","astra-migrate-meta-layouts":"set","ast-page-background-enabled":"default","ast-page-background-meta":{"desktop":{"background-color":"var(--ast-global-color-5)","background-image":"","background-repeat":"repeat","background-position":"center center","background-size":"auto","background-attachment":"scroll","background-type":"","background-media":"","overlay-type":"","overlay-color":"","overlay-opacity":"","overlay-gradient":""},"tablet":{"background-color":"","background-image":"","background-repeat":"repeat","background-position":"center center","background-size":"auto","background-attachment":"scroll","background-type":"","background-media":"","overlay-type":"","overlay-color":"","overlay-opacity":"","overlay-gradient":""},"mobile":{"background-color":"","background-image":"","background-repeat":"repeat","background-position":"center center","background-size":"auto","background-attachment":"scroll","background-type":"","background-media":"","overlay-type":"","overlay-color":"","overlay-opacity":"","overlay-gradient":""}},"ast-content-background-meta":{"desktop":{"background-color":"var(--ast-global-color-4)","background-image":"","background-repeat":"repeat","background-position":"center center","background-size":"auto","background-attachment":"scroll","background-type":"","background-media":"","overlay-type":"","overlay-color":"","overlay-opacity":"","overlay-gradient":""},"tablet":{"background-color":"var(--ast-global-color-4)","background-image":"","background-repeat":"repeat","background-position":"center center","background-size":"auto","background-attachment":"scroll","background-type":"","background-media":"","overlay-type":"","overlay-color":"","overlay-opacity":"","overlay-gradient":""},"mobile":{"background-color":"var(--ast-global-color-4)","background-image":"","background-repeat":"repeat","background-position":"center center","background-size":"auto","background-attachment":"scroll","background-type":"","background-media":"","overlay-type":"","overlay-color":"","overlay-opacity":"","overlay-gradient":""}}},"product_brand":[],"product_cat":[187],"product_tag":[],"class_list":{"0":"post-3898","1":"product","2":"type-product","3":"status-publish","4":"has-post-thumbnail","6":"product_cat-repasovane-sudy-na-vino","7":"desktop-align-left","8":"tablet-align-left","9":"mobile-align-left","11":"first","12":"instock","13":"taxable","14":"shipping-taxable","15":"purchasable","16":"product-type-simple"},"_links":{"self":[{"href":"https:\/\/oakspiritbarrels.com\/en\/wp-json\/wp\/v2\/product\/3898","targetHints":{"allow":["GET"]}}],"collection":[{"href":"https:\/\/oakspiritbarrels.com\/en\/wp-json\/wp\/v2\/product"}],"about":[{"href":"https:\/\/oakspiritbarrels.com\/en\/wp-json\/wp\/v2\/types\/product"}],"replies":[{"embeddable":true,"href":"https:\/\/oakspiritbarrels.com\/en\/wp-json\/wp\/v2\/comments?post=3898"}],"wp:featuredmedia":[{"embeddable":true,"href":"https:\/\/oakspiritbarrels.com\/en\/wp-json\/wp\/v2\/media\/3929"}],"wp:attachment":[{"href":"https:\/\/oakspiritbarrels.com\/en\/wp-json\/wp\/v2\/media?parent=3898"}],"wp:term":[{"taxonomy":"product_brand","embeddable":true,"href":"https:\/\/oakspiritbarrels.com\/en\/wp-json\/wp\/v2\/product_brand?post=3898"},{"taxonomy":"product_cat","embeddable":true,"href":"https:\/\/oakspiritbarrels.com\/en\/wp-json\/wp\/v2\/product_cat?post=3898"},{"taxonomy":"product_tag","embeddable":true,"href":"https:\/\/oakspiritbarrels.com\/en\/wp-json\/wp\/v2\/product_tag?post=3898"}],"curies":[{"name":"wp","href":"https:\/\/api.w.org\/{rel}","templated":true}]}}