{"id":3037,"date":"2024-12-06T10:37:16","date_gmt":"2024-12-06T09:37:16","guid":{"rendered":"https:\/\/oakspiritbarrels.com\/transport\/"},"modified":"2025-11-23T22:05:00","modified_gmt":"2025-11-23T21:05:00","slug":"transport","status":"publish","type":"page","link":"https:\/\/oakspiritbarrels.com\/en\/transport\/","title":{"rendered":"Transport"},"content":{"rendered":"\t\t<div data-elementor-type=\"wp-page\" data-elementor-id=\"3037\" class=\"elementor elementor-3037 elementor-2877\">\n\t\t\t\t\t\t<section class=\"elementor-section elementor-top-section elementor-element elementor-element-dfeb6b3 elementor-section-boxed elementor-section-height-default elementor-section-height-default wpr-particle-no wpr-jarallax-no wpr-parallax-no wpr-sticky-section-no wpr-equal-height-no\" data-id=\"dfeb6b3\" data-element_type=\"section\" data-e-type=\"section\">\n\t\t\t\t\t\t<div class=\"elementor-container elementor-column-gap-default\">\n\t\t\t\t\t<div class=\"elementor-column elementor-col-100 elementor-top-column elementor-element elementor-element-8ee6fad\" data-id=\"8ee6fad\" data-element_type=\"column\" data-e-type=\"column\">\n\t\t\t<div class=\"elementor-widget-wrap elementor-element-populated\">\n\t\t\t\t\t\t<div class=\"elementor-element elementor-element-40d1889 elementor-widget elementor-widget-heading\" data-id=\"40d1889\" data-element_type=\"widget\" data-e-type=\"widget\" data-widget_type=\"heading.default\">\n\t\t\t\t\t<h2 class=\"elementor-heading-title elementor-size-default\">Transport of barrels<\/h2>\t\t\t\t<\/div>\n\t\t\t\t<div class=\"elementor-element elementor-element-5366aa6 elementor-widget elementor-widget-text-editor\" data-id=\"5366aa6\" data-element_type=\"widget\" data-e-type=\"widget\" data-widget_type=\"text-editor.default\">\n\t\t\t\t\t\t\t\t\t<h2 data-start=\"216\" data-end=\"242\"><strong data-start=\"219\" data-end=\"242\">Czech Republic \ud83c\udde8\ud83c\uddff<\/strong><\/h2><h4 data-start=\"244\" data-end=\"293\"><strong data-start=\"248\" data-end=\"291\">Standard Delivery \u2013 up to 21 days: FREE<\/strong><\/h4><p data-start=\"294\" data-end=\"507\">This delivery method is handled <strong data-start=\"326\" data-end=\"357\">directly by our own drivers<\/strong>, not by an external carrier.<br data-start=\"386\" data-end=\"389\" \/>This means your barrels remain <strong data-start=\"420\" data-end=\"468\">in our hands throughout the entire transport<\/strong>, safely secured and carefully handled.<\/p><ul data-start=\"509\" data-end=\"677\"><li data-start=\"509\" data-end=\"611\"><p data-start=\"511\" data-end=\"611\">We will <strong data-start=\"519\" data-end=\"554\">call you 2 days before delivery<\/strong> with the exact date and a time window (+\/- 60 minutes)<\/p><\/li><li data-start=\"612\" data-end=\"677\"><p data-start=\"614\" data-end=\"677\">There is <strong data-start=\"623\" data-end=\"648\">no need to contact us<\/strong> \u2014 we always call you first<\/p><\/li><\/ul><h4 data-start=\"679\" data-end=\"720\"><strong data-start=\"683\" data-end=\"718\">Express Delivery \u2013 from 799 CZK<\/strong><\/h4><p data-start=\"721\" data-end=\"894\">If you need a faster delivery, we offer <strong data-start=\"761\" data-end=\"797\">express pallet shipping via GEIS<\/strong>.<br data-start=\"798\" data-end=\"801\" \/>Barrels are dispatched on a pallet <strong data-start=\"836\" data-end=\"864\">within 2\u20133 business days<\/strong> after the order is completed.<\/p><h4 data-start=\"896\" data-end=\"928\"><strong data-start=\"900\" data-end=\"926\">Personal Pickup \u2013 FREE<\/strong><\/h4><p data-start=\"929\" data-end=\"983\">Lu\u017eick\u00e1 13, Markvartice<br data-start=\"952\" data-end=\"955\" \/>471 14 Jablonn\u00e9 v Podje\u0161t\u011bd\u00ed<\/p><hr data-start=\"985\" data-end=\"988\" \/><h4 data-start=\"990\" data-end=\"1024\">\u00a0<\/h4><h4 data-start=\"990\" data-end=\"1024\"><strong data-start=\"993\" data-end=\"1022\">International Shipping \ud83c\udf0d<\/strong><\/h4><p data-start=\"1025\" data-end=\"1114\">You can find our shipping price list for <strong data-start=\"1066\" data-end=\"1107\">Austria, Germany, Poland and Slovakia<\/strong> below.<\/p>\t\t\t\t\t\t\t\t<\/div>\n\t\t\t\t\t<\/div>\n\t\t<\/div>\n\t\t\t\t\t<\/div>\n\t\t<\/section>\n\t\t<div class=\"elementor-element elementor-element-c322914 e-flex e-con-boxed wpr-particle-no wpr-jarallax-no wpr-parallax-no wpr-sticky-section-no wpr-equal-height-no e-con e-parent\" data-id=\"c322914\" data-element_type=\"container\" data-e-type=\"container\">\n\t\t\t\t\t<div class=\"e-con-inner\">\n\t\t<div class=\"elementor-element elementor-element-5ec932f e-con-full e-flex wpr-particle-no wpr-jarallax-no wpr-parallax-no wpr-sticky-section-no wpr-equal-height-no e-con e-child\" data-id=\"5ec932f\" data-element_type=\"container\" data-e-type=\"container\">\n\t\t\t\t<div class=\"elementor-element elementor-element-4df7b0c elementor-widget elementor-widget-image\" data-id=\"4df7b0c\" data-element_type=\"widget\" data-e-type=\"widget\" data-widget_type=\"image.default\">\n\t\t\t\t\t\t\t\t\t\t\t\t\t\t\t<img fetchpriority=\"high\" decoding=\"async\" width=\"1255\" height=\"1536\" src=\"https:\/\/oakspiritbarrels.com\/wp-content\/uploads\/2025\/11\/shipping_price_list_dark_gold_full_bordered-1-1255x1536.png\" class=\"attachment-1536x1536 size-1536x1536 wp-image-4064\" alt=\"\" srcset=\"https:\/\/oakspiritbarrels.com\/wp-content\/uploads\/2025\/11\/shipping_price_list_dark_gold_full_bordered-1-1255x1536.png 1255w, https:\/\/oakspiritbarrels.com\/wp-content\/uploads\/2025\/11\/shipping_price_list_dark_gold_full_bordered-1-245x300.png 245w, https:\/\/oakspiritbarrels.com\/wp-content\/uploads\/2025\/11\/shipping_price_list_dark_gold_full_bordered-1-837x1024.png 837w, https:\/\/oakspiritbarrels.com\/wp-content\/uploads\/2025\/11\/shipping_price_list_dark_gold_full_bordered-1-768x940.png 768w, https:\/\/oakspiritbarrels.com\/wp-content\/uploads\/2025\/11\/shipping_price_list_dark_gold_full_bordered-1-300x367.png 300w, https:\/\/oakspiritbarrels.com\/wp-content\/uploads\/2025\/11\/shipping_price_list_dark_gold_full_bordered-1-600x734.png 600w, https:\/\/oakspiritbarrels.com\/wp-content\/uploads\/2025\/11\/shipping_price_list_dark_gold_full_bordered-1.png 1536w\" sizes=\"(max-width: 1255px) 100vw, 1255px\" \/>\t\t\t\t\t\t\t\t\t\t\t\t\t\t\t<\/div>\n\t\t\t\t<\/div>\n\t\t<div class=\"elementor-element elementor-element-2b949f3 e-con-full e-flex wpr-particle-no wpr-jarallax-no wpr-parallax-no wpr-sticky-section-no wpr-equal-height-no e-con e-child\" data-id=\"2b949f3\" data-element_type=\"container\" data-e-type=\"container\">\n\t\t\t\t<div class=\"elementor-element elementor-element-8eed00a elementor-widget elementor-widget-image\" data-id=\"8eed00a\" data-element_type=\"widget\" data-e-type=\"widget\" data-widget_type=\"image.default\">\n\t\t\t\t\t\t\t\t\t\t\t\t\t\t\t<img decoding=\"async\" src=\"https:\/\/oakspiritbarrels.com\/wp-content\/uploads\/elementor\/thumbs\/prepocet_en_500-1-rf4kcx7nukkw7j4n4gx33qx4omrpd5s75telzdo42o.png\" title=\"prepocet_en_500\" alt=\"prepocet_en_500\" loading=\"lazy\" \/>\t\t\t\t\t\t\t\t\t\t\t\t\t\t\t<\/div>\n\t\t\t\t<\/div>\n\t\t\t\t\t<\/div>\n\t\t\t\t<\/div>\n\t\t\t\t<\/div>\n\t\t","protected":false},"excerpt":{"rendered":"<p>Transport of barrels Czech Republic \ud83c\udde8\ud83c\uddff Standard Delivery \u2013 up to 21 days: FREE This delivery method is handled directly by our own drivers, not by an external carrier.This means your barrels remain in our hands throughout the entire transport, safely secured and carefully handled. We will call you 2 days before delivery with the exact date and a time window (+\/- 60 minutes) There is no need to contact us \u2014 we always call you first Express Delivery \u2013 from 799 CZK If you need a faster delivery, we offer express pallet shipping via GEIS.Barrels are dispatched on a pallet within 2\u20133 business days after the order is completed. Personal Pickup \u2013 FREE Lu\u017eick\u00e1 13, Markvartice471 14 Jablonn\u00e9 v Podje\u0161t\u011bd\u00ed \u00a0 International Shipping \ud83c\udf0d You can find our shipping price list for Austria, Germany, Poland and Slovakia below.<\/p>\n","protected":false},"author":1,"featured_media":0,"parent":0,"menu_order":0,"comment_status":"closed","ping_status":"closed","template":"elementor_canvas","meta":{"site-sidebar-layout":"default","site-content-layout":"","ast-site-content-layout":"default","site-content-style":"default","site-sidebar-style":"default","ast-global-header-display":"","ast-banner-title-visibility":"","ast-main-header-display":"","ast-hfb-above-header-display":"","ast-hfb-below-header-display":"","ast-hfb-mobile-header-display":"","site-post-title":"","ast-breadcrumbs-content":"","ast-featured-img":"","footer-sml-layout":"","ast-disable-related-posts":"","theme-transparent-header-meta":"default","adv-header-id-meta":"","stick-header-meta":"","header-above-stick-meta":"","header-main-stick-meta":"","header-below-stick-meta":"","astra-migrate-meta-layouts":"default","ast-page-background-enabled":"default","ast-page-background-meta":{"desktop":{"background-color":"var(--ast-global-color-5)","background-image":"","background-repeat":"repeat","background-position":"center center","background-size":"auto","background-attachment":"scroll","background-type":"","background-media":"","overlay-type":"","overlay-color":"","overlay-opacity":"","overlay-gradient":""},"tablet":{"background-color":"","background-image":"","background-repeat":"repeat","background-position":"center center","background-size":"auto","background-attachment":"scroll","background-type":"","background-media":"","overlay-type":"","overlay-color":"","overlay-opacity":"","overlay-gradient":""},"mobile":{"background-color":"","background-image":"","background-repeat":"repeat","background-position":"center center","background-size":"auto","background-attachment":"scroll","background-type":"","background-media":"","overlay-type":"","overlay-color":"","overlay-opacity":"","overlay-gradient":""}},"ast-content-background-meta":{"desktop":{"background-color":"var(--ast-global-color-4)","background-image":"","background-repeat":"repeat","background-position":"center center","background-size":"auto","background-attachment":"scroll","background-type":"","background-media":"","overlay-type":"","overlay-color":"","overlay-opacity":"","overlay-gradient":""},"tablet":{"background-color":"var(--ast-global-color-4)","background-image":"","background-repeat":"repeat","background-position":"center center","background-size":"auto","background-attachment":"scroll","background-type":"","background-media":"","overlay-type":"","overlay-color":"","overlay-opacity":"","overlay-gradient":""},"mobile":{"background-color":"var(--ast-global-color-4)","background-image":"","background-repeat":"repeat","background-position":"center center","background-size":"auto","background-attachment":"scroll","background-type":"","background-media":"","overlay-type":"","overlay-color":"","overlay-opacity":"","overlay-gradient":""}},"footnotes":""},"class_list":["post-3037","page","type-page","status-publish","hentry"],"_links":{"self":[{"href":"https:\/\/oakspiritbarrels.com\/en\/wp-json\/wp\/v2\/pages\/3037","targetHints":{"allow":["GET"]}}],"collection":[{"href":"https:\/\/oakspiritbarrels.com\/en\/wp-json\/wp\/v2\/pages"}],"about":[{"href":"https:\/\/oakspiritbarrels.com\/en\/wp-json\/wp\/v2\/types\/page"}],"author":[{"embeddable":true,"href":"https:\/\/oakspiritbarrels.com\/en\/wp-json\/wp\/v2\/users\/1"}],"replies":[{"embeddable":true,"href":"https:\/\/oakspiritbarrels.com\/en\/wp-json\/wp\/v2\/comments?post=3037"}],"version-history":[{"count":15,"href":"https:\/\/oakspiritbarrels.com\/en\/wp-json\/wp\/v2\/pages\/3037\/revisions"}],"predecessor-version":[{"id":4068,"href":"https:\/\/oakspiritbarrels.com\/en\/wp-json\/wp\/v2\/pages\/3037\/revisions\/4068"}],"wp:attachment":[{"href":"https:\/\/oakspiritbarrels.com\/en\/wp-json\/wp\/v2\/media?parent=3037"}],"curies":[{"name":"wp","href":"https:\/\/api.w.org\/{rel}","templated":true}]}}