{"id":4273,"date":"2026-03-14T21:57:06","date_gmt":"2026-03-14T20:57:06","guid":{"rendered":"https:\/\/oakspiritbarrels.com\/?post_type=product&#038;p=4273"},"modified":"2026-03-14T21:59:58","modified_gmt":"2026-03-14T20:59:58","slug":"tedem-300-l-hard","status":"publish","type":"product","link":"https:\/\/oakspiritbarrels.com\/de\/produkt\/tedem-300-l-hard\/","title":{"rendered":"Tedem | 300 L | Hard"},"content":{"rendered":"<p style=\"background: #FFFFFF; margin: 0cm 0cm 6.75pt 0cm;\">Repasovan\u00fd barikov\u00fd sud bedn\u00e1\u0159stv\u00ed Tedem z francouzsk\u00e9ho dubu.<\/p>\n<p style=\"margin: 0px 0px 9px; padding: 0px; color: #666666; font-family: Arial; font-size: 14px; background-color: #ffffff;\">&#8211; vhodnost odr\u016fdy: Frankovka, Svatovav\u0159ineck\u00e9, Zweigeltrebe<\/p>\n<p style=\"margin: 0px 0px 9px; padding: 0px; color: #666666; font-family: Arial; font-size: 14px; background-color: #ffffff;\">&#8211; z\u00edskan\u00e9 aroma: Kou\u0159ov\u00e9 znaky, \u010dern\u00fd pep\u0159, espreso, pra\u017een\u00e9 d\u0159evo a\u017e po sp\u00e1len\u00fd karamel<\/p>\n<p style=\"margin: 0px 0px 9px; padding: 0px; color: #666666; font-family: Arial; font-size: 14px; background-color: #ffffff;\">&#8211; z\u00edskan\u00e1 chu\u0165 : M\u00e9n\u011b sv\u00edrav\u00e9, ni\u017e\u0161\u00ed elegance. Kou\u0159ov\u00e1, pra\u017een\u00e1 k\u00e1va, se sn\u00ed\u017eenou pra\u017een\u011b sladkou p\u0159\u00edchut\u00ed<\/p>\n<p style=\"margin: 0px 0px 9px; padding: 0px; color: #666666; font-family: Arial; font-size: 14px; background-color: #ffffff;\">&#8211; charakteristika:\u00a0Nejvhodn\u011bj\u0161\u00ed pro pln\u00e1 komplexn\u00ed v\u00edna dobr\u00fdch ro\u010dn\u00edk\u016f, u kter\u00fdch nen\u00ed t\u0159eba v\u00fdrazn\u011bj\u0161\u00ed p\u0159\u00edsp\u011bvek tanin\u016f. Jsou pou\u017eiteln\u00e9 i pro v\u00edna postr\u00e1daj\u00edc\u00ed zralost<\/p>\n<p style=\"margin: 0px 0px 9px; padding: 0px; color: #666666; font-family: Arial; font-size: 14px; background-color: #ffffff;\">&#8211; objem : 300 L<\/p>\n<p style=\"margin: 0px 0px 9px; padding: 0px; color: #666666; font-family: Arial; font-size: 14px; background-color: #ffffff;\">&#8211; rozm\u011bry : pr\u016fm\u011br sudu p\u0159es b\u0159icho: 75 cm, u v\u00edka: 59 cm, V\u00fd\u0161ka sudu: 102 cm<\/p>\n","protected":false},"excerpt":{"rendered":"<p style=\"background: #FFFFFF; margin: 0cm 0cm 6.75pt 0cm;\">Repasovan\u00fd barikov\u00fd sud bedn\u00e1\u0159stv\u00ed Tonnellerie Bordeaux z francouzsk\u00e9ho dubu.<\/p>\n<p style=\"margin: 0px 0px 9px; padding: 0px; color: #666666; font-family: Arial; font-size: 14px; background-color: #ffffff;\">&#8211; vhodnost odr\u016fdy: Frankovka, Svatovav\u0159ineck\u00e9, Zweigeltrebe<\/p>\n<p style=\"margin: 0px 0px 9px; padding: 0px; color: #666666; font-family: Arial; font-size: 14px; background-color: #ffffff;\">&#8211; z\u00edskan\u00e9 aroma: Kou\u0159ov\u00e9 znaky, \u010dern\u00fd pep\u0159, espreso, pra\u017een\u00e9 d\u0159evo a\u017e po sp\u00e1len\u00fd karamel<\/p>\n<p style=\"margin: 0px 0px 9px; padding: 0px; color: #666666; font-family: Arial; font-size: 14px; background-color: #ffffff;\">&#8211; z\u00edskan\u00e1 chu\u0165 : M\u00e9n\u011b sv\u00edrav\u00e9, ni\u017e\u0161\u00ed elegance. Kou\u0159ov\u00e1, pra\u017een\u00e1 k\u00e1va, se sn\u00ed\u017eenou pra\u017een\u011b sladkou p\u0159\u00edchut\u00ed<\/p>\n<p style=\"margin: 0px 0px 9px; padding: 0px; color: #666666; font-family: Arial; font-size: 14px; background-color: #ffffff;\">&#8211; charakteristika:\u00a0Nejvhodn\u011bj\u0161\u00ed pro pln\u00e1 komplexn\u00ed v\u00edna dobr\u00fdch ro\u010dn\u00edk\u016f, u kter\u00fdch nen\u00ed t\u0159eba v\u00fdrazn\u011bj\u0161\u00ed p\u0159\u00edsp\u011bvek tanin\u016f. Jsou pou\u017eiteln\u00e9 i pro v\u00edna postr\u00e1daj\u00edc\u00ed zralost<\/p>\n<p style=\"margin: 0px 0px 9px; padding: 0px; color: #666666; font-family: Arial; font-size: 14px; background-color: #ffffff;\">&#8211; objem : 300 L<\/p>\n<p style=\"margin: 0px 0px 9px; padding: 0px; color: #666666; font-family: Arial; font-size: 14px; background-color: #ffffff;\">&#8211; rozm\u011bry : pr\u016fm\u011br sudu p\u0159es b\u0159icho: 75 cm, u v\u00edka: 59 cm, V\u00fd\u0161ka sudu: 102 cm<\/p>\n","protected":false},"featured_media":3930,"comment_status":"open","ping_status":"closed","template":"","meta":{"site-sidebar-layout":"default","site-content-layout":"","ast-site-content-layout":"default","site-content-style":"default","site-sidebar-style":"default","ast-global-header-display":"","ast-banner-title-visibility":"","ast-main-header-display":"","ast-hfb-above-header-display":"","ast-hfb-below-header-display":"","ast-hfb-mobile-header-display":"","site-post-title":"","ast-breadcrumbs-content":"","ast-featured-img":"","footer-sml-layout":"","ast-disable-related-posts":"","theme-transparent-header-meta":"default","adv-header-id-meta":"","stick-header-meta":"","header-above-stick-meta":"","header-main-stick-meta":"","header-below-stick-meta":"","astra-migrate-meta-layouts":"set","ast-page-background-enabled":"default","ast-page-background-meta":{"desktop":{"background-color":"var(--ast-global-color-5)","background-image":"","background-repeat":"repeat","background-position":"center center","background-size":"auto","background-attachment":"scroll","background-type":"","background-media":"","overlay-type":"","overlay-color":"","overlay-opacity":"","overlay-gradient":""},"tablet":{"background-color":"","background-image":"","background-repeat":"repeat","background-position":"center center","background-size":"auto","background-attachment":"scroll","background-type":"","background-media":"","overlay-type":"","overlay-color":"","overlay-opacity":"","overlay-gradient":""},"mobile":{"background-color":"","background-image":"","background-repeat":"repeat","background-position":"center center","background-size":"auto","background-attachment":"scroll","background-type":"","background-media":"","overlay-type":"","overlay-color":"","overlay-opacity":"","overlay-gradient":""}},"ast-content-background-meta":{"desktop":{"background-color":"var(--ast-global-color-4)","background-image":"","background-repeat":"repeat","background-position":"center center","background-size":"auto","background-attachment":"scroll","background-type":"","background-media":"","overlay-type":"","overlay-color":"","overlay-opacity":"","overlay-gradient":""},"tablet":{"background-color":"var(--ast-global-color-4)","background-image":"","background-repeat":"repeat","background-position":"center center","background-size":"auto","background-attachment":"scroll","background-type":"","background-media":"","overlay-type":"","overlay-color":"","overlay-opacity":"","overlay-gradient":""},"mobile":{"background-color":"var(--ast-global-color-4)","background-image":"","background-repeat":"repeat","background-position":"center center","background-size":"auto","background-attachment":"scroll","background-type":"","background-media":"","overlay-type":"","overlay-color":"","overlay-opacity":"","overlay-gradient":""}}},"product_brand":[],"product_cat":[187],"product_tag":[],"class_list":{"0":"post-4273","1":"product","2":"type-product","3":"status-publish","4":"has-post-thumbnail","6":"product_cat-repasovane-sudy-na-vino","7":"desktop-align-left","8":"tablet-align-left","9":"mobile-align-left","11":"first","12":"instock","13":"taxable","14":"shipping-taxable","15":"purchasable","16":"product-type-simple"},"_links":{"self":[{"href":"https:\/\/oakspiritbarrels.com\/de\/wp-json\/wp\/v2\/product\/4273","targetHints":{"allow":["GET"]}}],"collection":[{"href":"https:\/\/oakspiritbarrels.com\/de\/wp-json\/wp\/v2\/product"}],"about":[{"href":"https:\/\/oakspiritbarrels.com\/de\/wp-json\/wp\/v2\/types\/product"}],"replies":[{"embeddable":true,"href":"https:\/\/oakspiritbarrels.com\/de\/wp-json\/wp\/v2\/comments?post=4273"}],"wp:featuredmedia":[{"embeddable":true,"href":"https:\/\/oakspiritbarrels.com\/de\/wp-json\/wp\/v2\/media\/3930"}],"wp:attachment":[{"href":"https:\/\/oakspiritbarrels.com\/de\/wp-json\/wp\/v2\/media?parent=4273"}],"wp:term":[{"taxonomy":"product_brand","embeddable":true,"href":"https:\/\/oakspiritbarrels.com\/de\/wp-json\/wp\/v2\/product_brand?post=4273"},{"taxonomy":"product_cat","embeddable":true,"href":"https:\/\/oakspiritbarrels.com\/de\/wp-json\/wp\/v2\/product_cat?post=4273"},{"taxonomy":"product_tag","embeddable":true,"href":"https:\/\/oakspiritbarrels.com\/de\/wp-json\/wp\/v2\/product_tag?post=4273"}],"curies":[{"name":"wp","href":"https:\/\/api.w.org\/{rel}","templated":true}]}}