{"id":3901,"date":"2025-10-28T11:32:43","date_gmt":"2025-10-28T10:32:43","guid":{"rendered":"https:\/\/oakspiritbarrels.com\/?post_type=product&#038;p=3901"},"modified":"2025-10-28T22:43:15","modified_gmt":"2025-10-28T21:43:15","slug":"tedem-225-l-medium-2","status":"publish","type":"product","link":"https:\/\/oakspiritbarrels.com\/de\/produkt\/tedem-225-l-medium-2\/","title":{"rendered":"Tedem | 225 L  | Medium +"},"content":{"rendered":"<p style=\"background: #FFFFFF; margin: 0cm 0cm 6.75pt 0cm;\">Repasovan\u00fd barikov\u00fd sud bedn\u00e1\u0159stv\u00ed Tedem z francouzsk\u00e9ho dubu.<\/p>\n<p style=\"margin: 0px 0px 9px; padding: 0px; color: #666666; font-family: Arial; font-size: 14px; background-color: #ffffff;\">&#8211; vhodnost odr\u016fdy:\u00a0\u00a0Chardonnay, rulandsk\u00e9 \u0161ed\u00e9, Merlot<\/p>\n<p style=\"font-weight: 400;\">&#8211; z\u00edskan\u00e9 aroma: Komplexn\u00ed. Vanilka, k\u00e1va, extrakce kokosov\u00e9ho o\u0159echu<\/p>\n<p style=\"margin: 0px 0px 9px; padding: 0px; color: #666666; font-family: Arial; font-size: 14px; background-color: #ffffff;\">&#8211; z\u00edskan\u00e1 chu\u0165: Lehk\u00e9 kou\u0159ov\u00e9 aroma, zakulacen\u00e1 dubov\u00e1 dochu\u0165,\u00a0 t\u00f3ny ko\u0159en\u00ed, karamelu, vanilky a ml\u00e9\u010dn\u00e9 \u010dokol\u00e1dy.<\/p>\n<p style=\"margin: 0px 0px 9px; padding: 0px; color: #666666; font-family: Arial; font-size: 14px; background-color: #ffffff;\">&#8211; charakteristika:\u00a0Pln\u00e1, t\u011blnat\u00e1 v\u00edna, kter\u00e1 dok\u00e1\u017e\u00ed p\u0159ijmout vyv\u00e1\u017een\u00fd dub jak do aroma, tak i do do chut\u011b. Tmav\u0161\u00ed hn\u011bd\u00e1 barva d\u0159eva.<\/p>\n<p style=\"font-weight: 400;\">&#8211; objem: 225 L<\/p>\n<p style=\"font-weight: 400;\">&#8211; rozm\u011bry: pr\u016fm\u011br sudu p\u0159es b\u0159icho: 66 cm &#8211; 70 cm, u v\u00edka: 57 cm, V\u00fd\u0161ka sudu: 90 cm\u00a0cm &#8211; 95<\/p>\n","protected":false},"excerpt":{"rendered":"<p style=\"font-weight: 400;\">&#8211; objem: 225 L<\/p>\n<p style=\"font-weight: 400;\">&#8211; rozm\u011bry: pr\u016fm\u011br sudu p\u0159es b\u0159icho: 66 cm &#8211; 70 cm, u v\u00edka: 57 cm, V\u00fd\u0161ka sudu: 90 cm\u00a0cm &#8211; 95<\/p>\n","protected":false},"featured_media":3929,"comment_status":"open","ping_status":"closed","template":"","meta":{"site-sidebar-layout":"default","site-content-layout":"","ast-site-content-layout":"default","site-content-style":"default","site-sidebar-style":"default","ast-global-header-display":"","ast-banner-title-visibility":"","ast-main-header-display":"","ast-hfb-above-header-display":"","ast-hfb-below-header-display":"","ast-hfb-mobile-header-display":"","site-post-title":"","ast-breadcrumbs-content":"","ast-featured-img":"","footer-sml-layout":"","ast-disable-related-posts":"","theme-transparent-header-meta":"default","adv-header-id-meta":"","stick-header-meta":"","header-above-stick-meta":"","header-main-stick-meta":"","header-below-stick-meta":"","astra-migrate-meta-layouts":"set","ast-page-background-enabled":"default","ast-page-background-meta":{"desktop":{"background-color":"var(--ast-global-color-5)","background-image":"","background-repeat":"repeat","background-position":"center center","background-size":"auto","background-attachment":"scroll","background-type":"","background-media":"","overlay-type":"","overlay-color":"","overlay-opacity":"","overlay-gradient":""},"tablet":{"background-color":"","background-image":"","background-repeat":"repeat","background-position":"center center","background-size":"auto","background-attachment":"scroll","background-type":"","background-media":"","overlay-type":"","overlay-color":"","overlay-opacity":"","overlay-gradient":""},"mobile":{"background-color":"","background-image":"","background-repeat":"repeat","background-position":"center center","background-size":"auto","background-attachment":"scroll","background-type":"","background-media":"","overlay-type":"","overlay-color":"","overlay-opacity":"","overlay-gradient":""}},"ast-content-background-meta":{"desktop":{"background-color":"var(--ast-global-color-4)","background-image":"","background-repeat":"repeat","background-position":"center center","background-size":"auto","background-attachment":"scroll","background-type":"","background-media":"","overlay-type":"","overlay-color":"","overlay-opacity":"","overlay-gradient":""},"tablet":{"background-color":"var(--ast-global-color-4)","background-image":"","background-repeat":"repeat","background-position":"center center","background-size":"auto","background-attachment":"scroll","background-type":"","background-media":"","overlay-type":"","overlay-color":"","overlay-opacity":"","overlay-gradient":""},"mobile":{"background-color":"var(--ast-global-color-4)","background-image":"","background-repeat":"repeat","background-position":"center center","background-size":"auto","background-attachment":"scroll","background-type":"","background-media":"","overlay-type":"","overlay-color":"","overlay-opacity":"","overlay-gradient":""}}},"product_brand":[],"product_cat":[187],"product_tag":[],"class_list":{"0":"post-3901","1":"product","2":"type-product","3":"status-publish","4":"has-post-thumbnail","6":"product_cat-repasovane-sudy-na-vino","7":"desktop-align-left","8":"tablet-align-left","9":"mobile-align-left","11":"first","12":"instock","13":"taxable","14":"shipping-taxable","15":"purchasable","16":"product-type-simple"},"_links":{"self":[{"href":"https:\/\/oakspiritbarrels.com\/de\/wp-json\/wp\/v2\/product\/3901","targetHints":{"allow":["GET"]}}],"collection":[{"href":"https:\/\/oakspiritbarrels.com\/de\/wp-json\/wp\/v2\/product"}],"about":[{"href":"https:\/\/oakspiritbarrels.com\/de\/wp-json\/wp\/v2\/types\/product"}],"replies":[{"embeddable":true,"href":"https:\/\/oakspiritbarrels.com\/de\/wp-json\/wp\/v2\/comments?post=3901"}],"wp:featuredmedia":[{"embeddable":true,"href":"https:\/\/oakspiritbarrels.com\/de\/wp-json\/wp\/v2\/media\/3929"}],"wp:attachment":[{"href":"https:\/\/oakspiritbarrels.com\/de\/wp-json\/wp\/v2\/media?parent=3901"}],"wp:term":[{"taxonomy":"product_brand","embeddable":true,"href":"https:\/\/oakspiritbarrels.com\/de\/wp-json\/wp\/v2\/product_brand?post=3901"},{"taxonomy":"product_cat","embeddable":true,"href":"https:\/\/oakspiritbarrels.com\/de\/wp-json\/wp\/v2\/product_cat?post=3901"},{"taxonomy":"product_tag","embeddable":true,"href":"https:\/\/oakspiritbarrels.com\/de\/wp-json\/wp\/v2\/product_tag?post=3901"}],"curies":[{"name":"wp","href":"https:\/\/api.w.org\/{rel}","templated":true}]}}