{"id":3891,"date":"2025-10-28T11:12:44","date_gmt":"2025-10-28T10:12:44","guid":{"rendered":"https:\/\/oakspiritbarrels.com\/?post_type=product&#038;p=3891"},"modified":"2025-10-28T22:44:33","modified_gmt":"2025-10-28T21:44:33","slug":"tedem-225-l-light","status":"publish","type":"product","link":"https:\/\/oakspiritbarrels.com\/de\/produkt\/tedem-225-l-light\/","title":{"rendered":"Tedem | 225 L | Light"},"content":{"rendered":"<p>Repasovan\u00fd barikov\u00fd sud bedn\u00e1\u0159stv\u00ed Tedem z francouzsk\u00e9ho dubu.<\/p>\n<p>&#8211; vhodnost odr\u016fdy: Chardonnay<\/p>\n<p>&#8211; z\u00edskan\u00e9 aroma: zemit\u00e9, lehce d\u0159ev\u011bn\u00e9 podstaty, komplexn\u00ed pe\u010den\u00e9 aroma<\/p>\n<p>&#8211; z\u00edskan\u00e1 chu\u0165 : velice lehk\u00e1 vanilka. P\u0159\u00edjemn\u00e1, v\u00fdrazn\u011bj\u0161\u00ed d\u0159evo. Malinko ho\u0159k\u00e1 a sv\u00edrav\u011bj\u0161\u00ed. Lehce ope\u010den\u00fd toustov\u00fd chl\u00e9b.<\/p>\n<p>&#8211; charakteristika:\u00a0V\u00edna vy\u017eaduj\u00edc\u00ed vy\u0161\u0161\u00ed obsah tanin\u016f, ale z\u00e1rove\u0148 minim\u00e1ln\u00ed zv\u00fd\u0161en\u00ed aroma<\/p>\n<p>&nbsp;<\/p>\n<p>&#8211; objem : 225 L<\/p>\n<p>&#8211; rozm\u011bry : pr\u016fm\u011br sudu p\u0159es b\u0159icho: 66 cm &#8211; 70 cm, u v\u00edka: 57 cm, V\u00fd\u0161ka sudu: 90 cm &#8211; 95 cm<\/p>\n","protected":false},"excerpt":{"rendered":"<p>&#8211; objem : 225 L<\/p>\n<p>&#8211; rozm\u011bry : pr\u016fm\u011br sudu p\u0159es b\u0159icho: 66 cm &#8211; 70 cm, u v\u00edka: 57 cm, V\u00fd\u0161ka sudu: 90 cm &#8211; 95 cm<\/p>\n","protected":false},"featured_media":3929,"comment_status":"open","ping_status":"closed","template":"","meta":{"site-sidebar-layout":"default","site-content-layout":"","ast-site-content-layout":"default","site-content-style":"default","site-sidebar-style":"default","ast-global-header-display":"","ast-banner-title-visibility":"","ast-main-header-display":"","ast-hfb-above-header-display":"","ast-hfb-below-header-display":"","ast-hfb-mobile-header-display":"","site-post-title":"","ast-breadcrumbs-content":"","ast-featured-img":"","footer-sml-layout":"","ast-disable-related-posts":"","theme-transparent-header-meta":"default","adv-header-id-meta":"","stick-header-meta":"","header-above-stick-meta":"","header-main-stick-meta":"","header-below-stick-meta":"","astra-migrate-meta-layouts":"set","ast-page-background-enabled":"default","ast-page-background-meta":{"desktop":{"background-color":"var(--ast-global-color-5)","background-image":"","background-repeat":"repeat","background-position":"center center","background-size":"auto","background-attachment":"scroll","background-type":"","background-media":"","overlay-type":"","overlay-color":"","overlay-opacity":"","overlay-gradient":""},"tablet":{"background-color":"","background-image":"","background-repeat":"repeat","background-position":"center center","background-size":"auto","background-attachment":"scroll","background-type":"","background-media":"","overlay-type":"","overlay-color":"","overlay-opacity":"","overlay-gradient":""},"mobile":{"background-color":"","background-image":"","background-repeat":"repeat","background-position":"center center","background-size":"auto","background-attachment":"scroll","background-type":"","background-media":"","overlay-type":"","overlay-color":"","overlay-opacity":"","overlay-gradient":""}},"ast-content-background-meta":{"desktop":{"background-color":"var(--ast-global-color-4)","background-image":"","background-repeat":"repeat","background-position":"center center","background-size":"auto","background-attachment":"scroll","background-type":"","background-media":"","overlay-type":"","overlay-color":"","overlay-opacity":"","overlay-gradient":""},"tablet":{"background-color":"var(--ast-global-color-4)","background-image":"","background-repeat":"repeat","background-position":"center center","background-size":"auto","background-attachment":"scroll","background-type":"","background-media":"","overlay-type":"","overlay-color":"","overlay-opacity":"","overlay-gradient":""},"mobile":{"background-color":"var(--ast-global-color-4)","background-image":"","background-repeat":"repeat","background-position":"center center","background-size":"auto","background-attachment":"scroll","background-type":"","background-media":"","overlay-type":"","overlay-color":"","overlay-opacity":"","overlay-gradient":""}}},"product_brand":[],"product_cat":[187],"product_tag":[],"class_list":{"0":"post-3891","1":"product","2":"type-product","3":"status-publish","4":"has-post-thumbnail","6":"product_cat-repasovane-sudy-na-vino","7":"desktop-align-left","8":"tablet-align-left","9":"mobile-align-left","11":"first","12":"instock","13":"taxable","14":"shipping-taxable","15":"purchasable","16":"product-type-simple"},"_links":{"self":[{"href":"https:\/\/oakspiritbarrels.com\/de\/wp-json\/wp\/v2\/product\/3891","targetHints":{"allow":["GET"]}}],"collection":[{"href":"https:\/\/oakspiritbarrels.com\/de\/wp-json\/wp\/v2\/product"}],"about":[{"href":"https:\/\/oakspiritbarrels.com\/de\/wp-json\/wp\/v2\/types\/product"}],"replies":[{"embeddable":true,"href":"https:\/\/oakspiritbarrels.com\/de\/wp-json\/wp\/v2\/comments?post=3891"}],"wp:featuredmedia":[{"embeddable":true,"href":"https:\/\/oakspiritbarrels.com\/de\/wp-json\/wp\/v2\/media\/3929"}],"wp:attachment":[{"href":"https:\/\/oakspiritbarrels.com\/de\/wp-json\/wp\/v2\/media?parent=3891"}],"wp:term":[{"taxonomy":"product_brand","embeddable":true,"href":"https:\/\/oakspiritbarrels.com\/de\/wp-json\/wp\/v2\/product_brand?post=3891"},{"taxonomy":"product_cat","embeddable":true,"href":"https:\/\/oakspiritbarrels.com\/de\/wp-json\/wp\/v2\/product_cat?post=3891"},{"taxonomy":"product_tag","embeddable":true,"href":"https:\/\/oakspiritbarrels.com\/de\/wp-json\/wp\/v2\/product_tag?post=3891"}],"curies":[{"name":"wp","href":"https:\/\/api.w.org\/{rel}","templated":true}]}}