{"id":3309,"date":"2025-10-06T14:57:53","date_gmt":"2025-10-06T12:57:53","guid":{"rendered":"https:\/\/oakspiritbarrels.com\/?post_type=product&#038;p=3309"},"modified":"2025-10-27T21:50:22","modified_gmt":"2025-10-27T20:50:22","slug":"taransaud-2022","status":"publish","type":"product","link":"https:\/\/oakspiritbarrels.com\/de\/produkt\/taransaud-2022\/","title":{"rendered":"Taransaud | 2022"},"content":{"rendered":"<p style=\"margin: 0px 0px 9px; padding: 0px; color: #666666; font-family: Arial; font-size: 14px; background-color: #ffffff;\">Bedn\u00e1\u0159stv\u00ed: Taransaud<\/p>\n<p style=\"margin: 0px 0px 9px; padding: 0px; color: #666666; font-family: Arial; font-size: 14px; background-color: #ffffff;\">Rok v\u00fdroby: 2022<\/p>\n<p style=\"margin: 0px 0px 9px; padding: 0px; color: #666666; font-family: Arial; font-size: 14px; background-color: #ffffff;\">\u010ci\u0161t\u011bn\u00e9 p\u00e1rou: Ano<\/p>\n<p style=\"margin: 0px 0px 9px; padding: 0px; color: #666666; font-family: Arial; font-size: 14px; background-color: #ffffff;\">Zas\u00ed\u0159en\u00e9: Ano<\/p>\n<p style=\"margin: 0px 0px 9px; padding: 0px; color: #666666; font-family: Arial; font-size: 14px; background-color: #ffffff;\">Chateau:\u00a0<span style=\"font-size: 13px;\">Ch\u00e2teau Pichon Longueville Baron<\/span><\/p>\n<p style=\"margin: 0px 0px 9px; padding: 0px; color: #666666; font-family: Arial; font-size: 14px; background-color: #ffffff;\">Odr\u016fda, kter\u00e1 zr\u00e1la v sudu: Pinot Noir<\/p>\n<h4 style=\"margin: 0px 0px 9px; padding: 0px; color: #666666; font-family: Arial; font-size: 14px; background-color: #ffffff;\"><span style=\"color: #4a4a4a;\"><span style=\"font-family: Verdana, Arial, Helvetica, sans-serif; font-size: 11px; background-color: #fafbfc;\">Datum vypr\u00e1zdn\u011bn\u00ed: 08\/2025<\/span><\/span><\/h4>\n","protected":false},"excerpt":{"rendered":"<p style=\"margin: 0px 0px 9px; padding: 0px; color: #666666; font-family: Arial; font-size: 14px; background-color: #ffffff;\">Bedn\u00e1\u0159stv\u00ed: Taransaud<\/p>\n<p style=\"margin: 0px 0px 9px; padding: 0px; color: #666666; font-family: Arial; font-size: 14px; background-color: #ffffff;\">Rok v\u00fdroby: 2022<\/p>\n<p style=\"margin: 0px 0px 9px; padding: 0px; color: #666666; font-family: Arial; font-size: 14px; background-color: #ffffff;\">\u010ci\u0161t\u011bn\u00e9 p\u00e1rou: Ano<\/p>\n<p style=\"margin: 0px 0px 9px; padding: 0px; color: #666666; font-family: Arial; font-size: 14px; background-color: #ffffff;\">Zas\u00ed\u0159en\u00e9: Ano<\/p>\n<p style=\"margin: 0px 0px 9px; padding: 0px; color: #666666; font-family: Arial; font-size: 14px; background-color: #ffffff;\">Chateau:\u00a0<span style=\"font-size: 13px;\">Ch\u00e2teau Pichon Longueville Baron<\/span><\/p>\n<p style=\"margin: 0px 0px 9px; padding: 0px; color: #666666; font-family: Arial; font-size: 14px; background-color: #ffffff;\">Odr\u016fda, kter\u00e1 zr\u00e1la v sudu: Pinot Noir<\/p>\n<h4 style=\"margin: 0px 0px 9px; padding: 0px; color: #666666; font-family: Arial; font-size: 14px; background-color: #ffffff;\"><span style=\"color: #4a4a4a;\"><span style=\"font-family: Verdana, Arial, Helvetica, sans-serif; font-size: 11px; background-color: #fafbfc;\">Datum vypr\u00e1zdn\u011bn\u00ed: 08\/2025<\/span><\/span><\/h4>\n","protected":false},"featured_media":3374,"comment_status":"open","ping_status":"closed","template":"","meta":{"site-sidebar-layout":"default","site-content-layout":"","ast-site-content-layout":"default","site-content-style":"default","site-sidebar-style":"default","ast-global-header-display":"","ast-banner-title-visibility":"","ast-main-header-display":"","ast-hfb-above-header-display":"","ast-hfb-below-header-display":"","ast-hfb-mobile-header-display":"","site-post-title":"","ast-breadcrumbs-content":"","ast-featured-img":"","footer-sml-layout":"","ast-disable-related-posts":"","theme-transparent-header-meta":"default","adv-header-id-meta":"","stick-header-meta":"","header-above-stick-meta":"","header-main-stick-meta":"","header-below-stick-meta":"","astra-migrate-meta-layouts":"set","ast-page-background-enabled":"default","ast-page-background-meta":{"desktop":{"background-color":"var(--ast-global-color-5)","background-image":"","background-repeat":"repeat","background-position":"center center","background-size":"auto","background-attachment":"scroll","background-type":"","background-media":"","overlay-type":"","overlay-color":"","overlay-opacity":"","overlay-gradient":""},"tablet":{"background-color":"","background-image":"","background-repeat":"repeat","background-position":"center center","background-size":"auto","background-attachment":"scroll","background-type":"","background-media":"","overlay-type":"","overlay-color":"","overlay-opacity":"","overlay-gradient":""},"mobile":{"background-color":"","background-image":"","background-repeat":"repeat","background-position":"center center","background-size":"auto","background-attachment":"scroll","background-type":"","background-media":"","overlay-type":"","overlay-color":"","overlay-opacity":"","overlay-gradient":""}},"ast-content-background-meta":{"desktop":{"background-color":"var(--ast-global-color-4)","background-image":"","background-repeat":"repeat","background-position":"center center","background-size":"auto","background-attachment":"scroll","background-type":"","background-media":"","overlay-type":"","overlay-color":"","overlay-opacity":"","overlay-gradient":""},"tablet":{"background-color":"var(--ast-global-color-4)","background-image":"","background-repeat":"repeat","background-position":"center center","background-size":"auto","background-attachment":"scroll","background-type":"","background-media":"","overlay-type":"","overlay-color":"","overlay-opacity":"","overlay-gradient":""},"mobile":{"background-color":"var(--ast-global-color-4)","background-image":"","background-repeat":"repeat","background-position":"center center","background-size":"auto","background-attachment":"scroll","background-type":"","background-media":"","overlay-type":"","overlay-color":"","overlay-opacity":"","overlay-gradient":""}}},"product_brand":[],"product_cat":[188],"product_tag":[],"class_list":{"0":"post-3309","1":"product","2":"type-product","3":"status-publish","4":"has-post-thumbnail","6":"product_cat-pouzite-sudy","7":"desktop-align-left","8":"tablet-align-left","9":"mobile-align-left","11":"first","12":"instock","13":"taxable","14":"shipping-taxable","15":"purchasable","16":"product-type-simple"},"_links":{"self":[{"href":"https:\/\/oakspiritbarrels.com\/de\/wp-json\/wp\/v2\/product\/3309","targetHints":{"allow":["GET"]}}],"collection":[{"href":"https:\/\/oakspiritbarrels.com\/de\/wp-json\/wp\/v2\/product"}],"about":[{"href":"https:\/\/oakspiritbarrels.com\/de\/wp-json\/wp\/v2\/types\/product"}],"replies":[{"embeddable":true,"href":"https:\/\/oakspiritbarrels.com\/de\/wp-json\/wp\/v2\/comments?post=3309"}],"wp:featuredmedia":[{"embeddable":true,"href":"https:\/\/oakspiritbarrels.com\/de\/wp-json\/wp\/v2\/media\/3374"}],"wp:attachment":[{"href":"https:\/\/oakspiritbarrels.com\/de\/wp-json\/wp\/v2\/media?parent=3309"}],"wp:term":[{"taxonomy":"product_brand","embeddable":true,"href":"https:\/\/oakspiritbarrels.com\/de\/wp-json\/wp\/v2\/product_brand?post=3309"},{"taxonomy":"product_cat","embeddable":true,"href":"https:\/\/oakspiritbarrels.com\/de\/wp-json\/wp\/v2\/product_cat?post=3309"},{"taxonomy":"product_tag","embeddable":true,"href":"https:\/\/oakspiritbarrels.com\/de\/wp-json\/wp\/v2\/product_tag?post=3309"}],"curies":[{"name":"wp","href":"https:\/\/api.w.org\/{rel}","templated":true}]}}