{"id":3040,"date":"2024-12-06T10:37:16","date_gmt":"2024-12-06T09:37:16","guid":{"rendered":"https:\/\/oakspiritbarrels.com\/transport\/"},"modified":"2025-11-23T22:19:31","modified_gmt":"2025-11-23T21:19:31","slug":"transport","status":"publish","type":"page","link":"https:\/\/oakspiritbarrels.com\/de\/transport\/","title":{"rendered":"Transport"},"content":{"rendered":"\t\t<div data-elementor-type=\"wp-page\" data-elementor-id=\"3040\" class=\"elementor elementor-3040 elementor-2877\">\n\t\t\t\t\t\t<section class=\"elementor-section elementor-top-section elementor-element elementor-element-dfeb6b3 elementor-section-boxed elementor-section-height-default elementor-section-height-default wpr-particle-no wpr-jarallax-no wpr-parallax-no wpr-sticky-section-no wpr-equal-height-no\" data-id=\"dfeb6b3\" data-element_type=\"section\" data-e-type=\"section\">\n\t\t\t\t\t\t<div class=\"elementor-container elementor-column-gap-default\">\n\t\t\t\t\t<div class=\"elementor-column elementor-col-100 elementor-top-column elementor-element elementor-element-8ee6fad\" data-id=\"8ee6fad\" data-element_type=\"column\" data-e-type=\"column\">\n\t\t\t<div class=\"elementor-widget-wrap elementor-element-populated\">\n\t\t\t\t\t\t<div class=\"elementor-element elementor-element-5366aa6 elementor-widget elementor-widget-text-editor\" data-id=\"5366aa6\" data-element_type=\"widget\" data-e-type=\"widget\" data-widget_type=\"text-editor.default\">\n\t\t\t\t\t\t\t\t\t<h2 data-start=\"1141\" data-end=\"1174\"><strong data-start=\"1144\" data-end=\"1174\">Tschechische Republik \ud83c\udde8\ud83c\uddff<\/strong><\/h2><h4 data-start=\"1176\" data-end=\"1229\"><strong data-start=\"1180\" data-end=\"1227\">Standardversand \u2013 bis zu 21 Tage: KOSTENLOS<\/strong><\/h4><p data-start=\"1230\" data-end=\"1504\">Diese Versandart wird <strong data-start=\"1252\" data-end=\"1298\">ausschlie\u00dflich von unseren eigenen Fahrern<\/strong> durchgef\u00fchrt \u2013 nicht von einem externen Dienstleister.<br data-start=\"1353\" data-end=\"1356\" \/>Das bedeutet, dass sich Ihre F\u00e4sser <strong data-start=\"1392\" data-end=\"1445\">w\u00e4hrend des gesamten Transports in unseren H\u00e4nden<\/strong> befinden, sicher gelagert und sorgf\u00e4ltig behandelt werden.<\/p><ul data-start=\"1506\" data-end=\"1702\"><li data-start=\"1506\" data-end=\"1630\"><p data-start=\"1508\" data-end=\"1630\">Wir <strong data-start=\"1512\" data-end=\"1550\">rufen Sie 2 Tage vor der Lieferung<\/strong> an und teilen Ihnen das genaue Datum und ein Zeitfenster (+\/- 60 Minuten) mit<\/p><\/li><li data-start=\"1631\" data-end=\"1702\"><p data-start=\"1633\" data-end=\"1702\">Sie m\u00fcssen uns <strong data-start=\"1648\" data-end=\"1670\">nicht kontaktieren<\/strong> \u2014 wir melden uns immer zuerst<\/p><\/li><\/ul><h4 data-start=\"1704\" data-end=\"1741\"><strong data-start=\"1708\" data-end=\"1739\">Expressversand \u2013 ab 799 CZK<\/strong><\/h4><p data-start=\"1742\" data-end=\"1933\">Wenn Sie eine schnellere Lieferung ben\u00f6tigen, bieten wir <strong data-start=\"1799\" data-end=\"1836\">Express-Palettenversand \u00fcber GEIS<\/strong> an.<br data-start=\"1840\" data-end=\"1843\" \/>Die F\u00e4sser werden <strong data-start=\"1861\" data-end=\"1892\">innerhalb von 2\u20133 Werktagen<\/strong> nach Abschluss der Bestellung versendet.<\/p><h4 data-start=\"1935\" data-end=\"1977\"><strong data-start=\"1939\" data-end=\"1975\">Pers\u00f6nliche Abholung \u2013 KOSTENLOS<\/strong><\/h4><p data-start=\"1978\" data-end=\"2032\">Lu\u017eick\u00e1 13, Markvartice<br data-start=\"2001\" data-end=\"2004\" \/>471 14 Jablonn\u00e9 v Podje\u0161t\u011bd\u00ed<\/p><hr data-start=\"2034\" data-end=\"2037\" \/><h3 data-start=\"2039\" data-end=\"2074\">\u00a0<\/h3><h3 data-start=\"2039\" data-end=\"2074\"><strong data-start=\"2042\" data-end=\"2072\">Internationaler Versand \ud83c\udf0d<\/strong><\/h3><p data-start=\"2075\" data-end=\"2186\">Die Versandpreise f\u00fcr <strong data-start=\"2097\" data-end=\"2148\">\u00d6sterreich, Deutschland, Polen und die Slowakei<\/strong> finden Sie unten im Preisverzeichnis.<\/p>\t\t\t\t\t\t\t\t<\/div>\n\t\t\t\t\t<\/div>\n\t\t<\/div>\n\t\t\t\t\t<\/div>\n\t\t<\/section>\n\t\t<div class=\"elementor-element elementor-element-1843cd1 e-flex e-con-boxed wpr-particle-no wpr-jarallax-no wpr-parallax-no wpr-sticky-section-no wpr-equal-height-no e-con e-parent\" data-id=\"1843cd1\" data-element_type=\"container\" data-e-type=\"container\">\n\t\t\t\t\t<div class=\"e-con-inner\">\n\t\t<div class=\"elementor-element elementor-element-edf696c e-con-full e-flex wpr-particle-no wpr-jarallax-no wpr-parallax-no wpr-sticky-section-no wpr-equal-height-no e-con e-child\" data-id=\"edf696c\" data-element_type=\"container\" data-e-type=\"container\">\n\t\t\t\t<div class=\"elementor-element elementor-element-732c941 elementor-widget elementor-widget-image\" data-id=\"732c941\" data-element_type=\"widget\" data-e-type=\"widget\" data-widget_type=\"image.default\">\n\t\t\t\t\t\t\t\t\t\t\t\t\t\t\t<img fetchpriority=\"high\" decoding=\"async\" width=\"837\" height=\"1024\" src=\"https:\/\/oakspiritbarrels.com\/wp-content\/uploads\/2025\/11\/shipping_price_list_dark_gold_full_bordered-837x1024.png\" class=\"attachment-large size-large wp-image-4056\" alt=\"\" srcset=\"https:\/\/oakspiritbarrels.com\/wp-content\/uploads\/2025\/11\/shipping_price_list_dark_gold_full_bordered-837x1024.png 837w, https:\/\/oakspiritbarrels.com\/wp-content\/uploads\/2025\/11\/shipping_price_list_dark_gold_full_bordered-245x300.png 245w, https:\/\/oakspiritbarrels.com\/wp-content\/uploads\/2025\/11\/shipping_price_list_dark_gold_full_bordered-768x940.png 768w, https:\/\/oakspiritbarrels.com\/wp-content\/uploads\/2025\/11\/shipping_price_list_dark_gold_full_bordered-1255x1536.png 1255w, https:\/\/oakspiritbarrels.com\/wp-content\/uploads\/2025\/11\/shipping_price_list_dark_gold_full_bordered-300x367.png 300w, https:\/\/oakspiritbarrels.com\/wp-content\/uploads\/2025\/11\/shipping_price_list_dark_gold_full_bordered-600x734.png 600w, https:\/\/oakspiritbarrels.com\/wp-content\/uploads\/2025\/11\/shipping_price_list_dark_gold_full_bordered.png 1536w\" sizes=\"(max-width: 837px) 100vw, 837px\" \/>\t\t\t\t\t\t\t\t\t\t\t\t\t\t\t<\/div>\n\t\t\t\t<\/div>\n\t\t<div class=\"elementor-element elementor-element-4824a91 e-con-full e-flex wpr-particle-no wpr-jarallax-no wpr-parallax-no wpr-sticky-section-no wpr-equal-height-no e-con e-child\" data-id=\"4824a91\" data-element_type=\"container\" data-e-type=\"container\">\n\t\t\t\t<div class=\"elementor-element elementor-element-cc24f1f elementor-widget elementor-widget-image\" data-id=\"cc24f1f\" data-element_type=\"widget\" data-e-type=\"widget\" data-widget_type=\"image.default\">\n\t\t\t\t\t\t\t\t\t\t\t\t\t\t\t<img decoding=\"async\" src=\"https:\/\/oakspiritbarrels.com\/wp-content\/uploads\/2025\/11\/prepocet_de_500-1.png\" title=\"prepocet_de_500\" alt=\"prepocet_de_500\" loading=\"lazy\" \/>\t\t\t\t\t\t\t\t\t\t\t\t\t\t\t<\/div>\n\t\t\t\t<\/div>\n\t\t\t\t\t<\/div>\n\t\t\t\t<\/div>\n\t\t\t\t<\/div>\n\t\t","protected":false},"excerpt":{"rendered":"<p>Tschechische Republik \ud83c\udde8\ud83c\uddff Standardversand \u2013 bis zu 21 Tage: KOSTENLOS Diese Versandart wird ausschlie\u00dflich von unseren eigenen Fahrern durchgef\u00fchrt \u2013 nicht von einem externen Dienstleister.Das bedeutet, dass sich Ihre F\u00e4sser w\u00e4hrend des gesamten Transports in unseren H\u00e4nden befinden, sicher gelagert und sorgf\u00e4ltig behandelt werden. Wir rufen Sie 2 Tage vor der Lieferung an und teilen Ihnen das genaue Datum und ein Zeitfenster (+\/- 60 Minuten) mit Sie m\u00fcssen uns nicht kontaktieren \u2014 wir melden uns immer zuerst Expressversand \u2013 ab 799 CZK Wenn Sie eine schnellere Lieferung ben\u00f6tigen, bieten wir Express-Palettenversand \u00fcber GEIS an.Die F\u00e4sser werden innerhalb von 2\u20133 Werktagen nach Abschluss der Bestellung versendet. Pers\u00f6nliche Abholung \u2013 KOSTENLOS Lu\u017eick\u00e1 13, Markvartice471 14 Jablonn\u00e9 v Podje\u0161t\u011bd\u00ed \u00a0 Internationaler Versand \ud83c\udf0d Die Versandpreise f\u00fcr \u00d6sterreich, Deutschland, Polen und die Slowakei finden Sie unten im Preisverzeichnis.<\/p>\n","protected":false},"author":1,"featured_media":0,"parent":0,"menu_order":0,"comment_status":"closed","ping_status":"closed","template":"elementor_canvas","meta":{"site-sidebar-layout":"default","site-content-layout":"","ast-site-content-layout":"default","site-content-style":"default","site-sidebar-style":"default","ast-global-header-display":"","ast-banner-title-visibility":"","ast-main-header-display":"","ast-hfb-above-header-display":"","ast-hfb-below-header-display":"","ast-hfb-mobile-header-display":"","site-post-title":"","ast-breadcrumbs-content":"","ast-featured-img":"","footer-sml-layout":"","ast-disable-related-posts":"","theme-transparent-header-meta":"default","adv-header-id-meta":"","stick-header-meta":"","header-above-stick-meta":"","header-main-stick-meta":"","header-below-stick-meta":"","astra-migrate-meta-layouts":"default","ast-page-background-enabled":"default","ast-page-background-meta":{"desktop":{"background-color":"var(--ast-global-color-5)","background-image":"","background-repeat":"repeat","background-position":"center center","background-size":"auto","background-attachment":"scroll","background-type":"","background-media":"","overlay-type":"","overlay-color":"","overlay-opacity":"","overlay-gradient":""},"tablet":{"background-color":"","background-image":"","background-repeat":"repeat","background-position":"center center","background-size":"auto","background-attachment":"scroll","background-type":"","background-media":"","overlay-type":"","overlay-color":"","overlay-opacity":"","overlay-gradient":""},"mobile":{"background-color":"","background-image":"","background-repeat":"repeat","background-position":"center center","background-size":"auto","background-attachment":"scroll","background-type":"","background-media":"","overlay-type":"","overlay-color":"","overlay-opacity":"","overlay-gradient":""}},"ast-content-background-meta":{"desktop":{"background-color":"var(--ast-global-color-4)","background-image":"","background-repeat":"repeat","background-position":"center center","background-size":"auto","background-attachment":"scroll","background-type":"","background-media":"","overlay-type":"","overlay-color":"","overlay-opacity":"","overlay-gradient":""},"tablet":{"background-color":"var(--ast-global-color-4)","background-image":"","background-repeat":"repeat","background-position":"center center","background-size":"auto","background-attachment":"scroll","background-type":"","background-media":"","overlay-type":"","overlay-color":"","overlay-opacity":"","overlay-gradient":""},"mobile":{"background-color":"var(--ast-global-color-4)","background-image":"","background-repeat":"repeat","background-position":"center center","background-size":"auto","background-attachment":"scroll","background-type":"","background-media":"","overlay-type":"","overlay-color":"","overlay-opacity":"","overlay-gradient":""}},"footnotes":""},"class_list":["post-3040","page","type-page","status-publish","hentry"],"_links":{"self":[{"href":"https:\/\/oakspiritbarrels.com\/de\/wp-json\/wp\/v2\/pages\/3040","targetHints":{"allow":["GET"]}}],"collection":[{"href":"https:\/\/oakspiritbarrels.com\/de\/wp-json\/wp\/v2\/pages"}],"about":[{"href":"https:\/\/oakspiritbarrels.com\/de\/wp-json\/wp\/v2\/types\/page"}],"author":[{"embeddable":true,"href":"https:\/\/oakspiritbarrels.com\/de\/wp-json\/wp\/v2\/users\/1"}],"replies":[{"embeddable":true,"href":"https:\/\/oakspiritbarrels.com\/de\/wp-json\/wp\/v2\/comments?post=3040"}],"version-history":[{"count":14,"href":"https:\/\/oakspiritbarrels.com\/de\/wp-json\/wp\/v2\/pages\/3040\/revisions"}],"predecessor-version":[{"id":4071,"href":"https:\/\/oakspiritbarrels.com\/de\/wp-json\/wp\/v2\/pages\/3040\/revisions\/4071"}],"wp:attachment":[{"href":"https:\/\/oakspiritbarrels.com\/de\/wp-json\/wp\/v2\/media?parent=3040"}],"curies":[{"name":"wp","href":"https:\/\/api.w.org\/{rel}","templated":true}]}}